{"id":1353,"date":"2019-11-08T10:04:22","date_gmt":"2019-11-08T09:04:22","guid":{"rendered":"https:\/\/calderesosona.cat\/cookies\/"},"modified":"2019-11-11T17:40:18","modified_gmt":"2019-11-11T16:40:18","slug":"cookies","status":"publish","type":"page","link":"https:\/\/calderesosona.cat\/es\/cookies\/","title":{"rendered":"Pol\u00edtica de Cookies"},"content":{"rendered":"<h1 style=\"font-size: 40px;line-height: 40px;\">Pol\u00edtica de Cookies<\/h1>\n<h3>Qu\u00e9 son las cookies<\/h3>\n<p>Una <em>cookie<\/em> es un peque\u00f1o fichero de texto que se almacena en su navegador cuando visita una p\u00e1gina web. Sirve para que la web sea capaz de recordar su visita cuando vuelva a navegar por esa p\u00e1gina. Las <em>cookies<\/em> suelen almacenar informaci\u00f3n de car\u00e1cter t\u00e9cnico, preferencias personales, personalizaci\u00f3n de contenidos, estad\u00edsticas de uso, enlaces a redes sociales, acceso a cuentas de usuario, etc. El objetivo de la <em>cookie<\/em> es adaptar el contenido de la web a su perfil y necesidades, sin <em>cookies<\/em> los servicios ofrecidos por cualquier p\u00e1gina se ver\u00edan mermados notablemente. Si desea consultar m\u00e1s informaci\u00f3n sobre qu\u00e9 son las <em>cookies<\/em> le recomendamos visitar <a target=\"_blank\" rel=\"nofollow noopener noreferrer\" href=\"https:\/\/es.wikipedia.org\/wiki\/Cookie_(inform%C3%A1tica)\">este enlace de la Wikipedia<\/a>.<\/p>\n<h3>Cookies utilizadas en este sitio web<\/h3>\n<p>Siguiendo las directrices de la Agencia Espa\u00f1ola de Protecci\u00f3n de Datos procedemos a detallar el uso de <em>cookies<\/em> que hace esta web con el fin de informarle con la m\u00e1xima exactitud posible.<\/p>\n<p>Este sitio web utiliza las siguientes <strong>cookies propias<\/strong>:<\/p>\n<ul>\n<li><em>Cookies<\/em> t\u00e9cnicas, de uso interno para sesiones de usuario que dan acceso a las \u00e1reas privadas de nuestro sistema de gesti\u00f3n de contenidos.<\/li>\n<li><em>Cookies<\/em> de personalizaci\u00f3n, para recordar la decisi\u00f3n de cerrar nuestro aviso de <em>cookies<\/em>.<\/li>\n<\/ul>\n<p>Este sitio web utiliza las siguientes <strong>cookies de terceros<\/strong>:<\/p>\n<ul>\n<li>Google Analytics: Estas <em>cookies<\/em> recopilan <strong>datos an\u00f3nimos<\/strong> sobre la navegaci\u00f3n de los usuarios por la web, con la finalidad de conocer el origen de las visitas, el n\u00famero de veces que han visitado la web, las palabras claves utilizadas, y otros datos estad\u00edsticos. Al utilizar este sitio web usted consiente el tratamiento de esta informaci\u00f3n por Google. Si desea informaci\u00f3n sobre el uso que Google da a las <em>cookies<\/em> le recomendamos visitar <a href=\"https:\/\/developers.google.com\/analytics\/devguides\/collection\/analyticsjs\/cookie-usage?hl=es&#038;csw=1\" target=\"_blank\" rel=\"nofollow noopener noreferrer\">este enlace de Google<\/a>.<\/li>\n<li>Redes sociales: Cada red social utiliza sus propias <em>cookies<\/em> para que usted pueda pinchar en botones del tipo <em>Me gusta<\/em> o <em>Compartir<\/em>. En caso de necesitar m\u00e1s informaci\u00f3n sobre el uso que las redes sociales dan a sus <em>cookies<\/em>, rogamos se dirijan a los sitios webs correspondientes a cada red social.<\/li>\n<\/ul>\n<h3>Desactivaci\u00f3n o eliminaci\u00f3n de cookies<\/h3>\n<p>En cualquier momento usted puede desactivar o eliminar las <em>cookies<\/em> almacenadas en su navegador. Estas acciones se realizan de forma diferente en funci\u00f3n del navegador que est\u00e9 utilizando. A continuaci\u00f3n ponemos a su disposici\u00f3n enlaces con la informaci\u00f3n necesaria para desactivar las <em>cookies<\/em> de los navegadores m\u00e1s populares:<\/p>\n<table>\n<tbody>\n<tr>\n<td width=\"180\"><strong>Internet Explorer<\/strong><\/td>\n<td width=\"300\"><a href=\"http:\/\/windows.microsoft.com\/es-es\/windows-vista\/block-or-allow-cookies\" target=\"_blank\" rel=\"nofollow noopener noreferrer\">M\u00e1s informaci\u00f3n Internet Explorer<\/a><\/td>\n<\/tr>\n<tr>\n<td width=\"180\"><strong>Firefox<\/strong><\/td>\n<td width=\"300\"><a href=\"http:\/\/support.mozilla.org\/es\/kb\/habilitar-y-deshabilitar-cookies-que-los-sitios-we\" target=\"_blank\" rel=\"nofollow noopener noreferrer\">M\u00e1s Informaci\u00f3n Firefox<\/a><\/td>\n<\/tr>\n<tr>\n<td width=\"180\"><strong>Chrome<\/strong><\/td>\n<td width=\"300\"><a href=\"https:\/\/support.google.com\/chrome\/answer\/95647?hl=es\" target=\"_blank\" rel=\"nofollow noopener noreferrer\">M\u00e1s informaci\u00f3n Chrome<\/a><\/td>\n<\/tr>\n<tr>\n<td width=\"180\"><strong>Opera<\/strong><\/td>\n<td width=\"300\"><a href=\"http:\/\/help.opera.com\/Linux\/10.60\/es-ES\/cookies.html\" target=\"_blank\" rel=\"nofollow noopener noreferrer\">M\u00e1s informaci\u00f3n Opera<\/a><\/td>\n<\/tr>\n<tr>\n<td width=\"180\"><strong>Safari<\/strong><\/td>\n<td width=\"300\"><a href=\"http:\/\/support.apple.com\/kb\/ph5042\" target=\"_blank\" rel=\"nofollow noopener noreferrer\">M\u00e1s informaci\u00f3n Safari<\/a><\/td>\n<\/tr>\n<\/tbody>\n<\/table>\n<h3>Notas adicionales<\/h3>\n<ul>\n<li>Los navegadores web son las herramientas encargadas de almacenar las <em>cookies<\/em> y desde ellos debe efectuar la tarea de eliminaci\u00f3n o desactivaci\u00f3n de las mismas. Ni esta web ni sus representantes legales pueden garantizar la correcta o incorrecta manipulaci\u00f3n de las <em>cookies<\/em> por parte de los mencionados navegadores.<\/li>\n<li>En algunos casos es necesario instalar <em>cookies<\/em> para que el navegador no olvide su decisi\u00f3n de no aceptaci\u00f3n de las mismas.<\/li>\n<li>Para cualquier duda o consulta acerca de esta pol\u00edtica de <em>cookies<\/em>, no dude en comunicarse con nosotros a trav\u00e9s de la secci\u00f3n de contacto.<\/li>\n<li>Si desea m\u00e1s informaci\u00f3n acerca de nuestros t\u00e9rminos y condiciones le recomendamos leer nuestro Aviso Legal y Pol\u00edtica de Privacidad.<\/li>\n<\/ul>\n","protected":false},"excerpt":{"rendered":"<p>Pol\u00edtica de Cookies Qu\u00e9 son las cookies Una cookie es un peque\u00f1o fichero de texto que se almacena en su navegador cuando visita una p\u00e1gina web. Sirve para que la web sea capaz de recordar su visita cuando vuelva a navegar por esa p\u00e1gina. Las cookies suelen almacenar informaci\u00f3n de car\u00e1cter t\u00e9cnico, preferencias personales, personalizaci\u00f3n &#8230; <a title=\"Pol\u00edtica de Cookies\" class=\"read-more\" href=\"https:\/\/calderesosona.cat\/es\/cookies\/\" aria-label=\"M\u00e1s en Pol\u00edtica de Cookies\">Leer m\u00e1s<\/a><\/p>\n","protected":false},"author":2,"featured_media":0,"parent":0,"menu_order":0,"comment_status":"closed","ping_status":"closed","template":"","meta":{"footnotes":"","_joinchat":[]},"_links":{"self":[{"href":"https:\/\/calderesosona.cat\/es\/wp-json\/wp\/v2\/pages\/1353"}],"collection":[{"href":"https:\/\/calderesosona.cat\/es\/wp-json\/wp\/v2\/pages"}],"about":[{"href":"https:\/\/calderesosona.cat\/es\/wp-json\/wp\/v2\/types\/page"}],"author":[{"embeddable":true,"href":"https:\/\/calderesosona.cat\/es\/wp-json\/wp\/v2\/users\/2"}],"replies":[{"embeddable":true,"href":"https:\/\/calderesosona.cat\/es\/wp-json\/wp\/v2\/comments?post=1353"}],"version-history":[{"count":5,"href":"https:\/\/calderesosona.cat\/es\/wp-json\/wp\/v2\/pages\/1353\/revisions"}],"predecessor-version":[{"id":1585,"href":"https:\/\/calderesosona.cat\/es\/wp-json\/wp\/v2\/pages\/1353\/revisions\/1585"}],"wp:attachment":[{"href":"https:\/\/calderesosona.cat\/es\/wp-json\/wp\/v2\/media?parent=1353"}],"curies":[{"name":"wp","href":"https:\/\/api.w.org\/{rel}","templated":true}]}}