{"id":1362,"date":"2019-11-04T13:15:14","date_gmt":"2019-11-04T12:15:14","guid":{"rendered":"https:\/\/calderesosona.cat\/legal\/"},"modified":"2021-03-19T09:31:27","modified_gmt":"2021-03-19T08:31:27","slug":"legal","status":"publish","type":"page","link":"https:\/\/calderesosona.cat\/es\/legal\/","title":{"rendered":"Aviso Legal i Pol\u00edtica de Privacidad"},"content":{"rendered":"<h1 style=\"font-size: 40px;line-height: 40px;\">Aviso Legal y Pol\u00edtica de Privacidad<\/h1>\n<p class=\"big\">En cumplimiento de la L.S.S.I. (Ley de Servicios de la Sociedad de la Informaci\u00f3n), la L.O.P.D. (Ley Org\u00e1nica de Protecci\u00f3n de Datos) y el R.G.P.D. (Reglamento General de Protecci\u00f3n de Datos) se informa:<\/p>\n<h4>TITULARIDAD, CONDICIONES GENERALES DE USO Y POL\u00cdTICA DE PROTECCI\u00d3N DE DATOS:<\/h4>\n<p><strong>1.- TITULARIDAD<\/strong><\/p>\n<p>Este sitio web, los dominios asociados, los contenidos y dem\u00e1s derechos de propiedad intelectual e industrial son propiedad de CALDERESOSONA 08500 VIC, Osona, BARCELONA.<\/p>\n<p>Email: info@calderesosona.cat Tel: 938 887 868<\/p>\n<p><strong>2.- OBJETO<\/strong><\/p>\n<p>Este sitio web tiene como fin principal informar de los servicios ofrecidos por CALDERES OSONA y divulgar esta informaci\u00f3n a trav\u00e9s de medios electr\u00f3nicos.<\/p>\n<p><strong>3.- DERECHOS DE USO Y COPYRIGHT<\/strong><\/p>\n<p>Se permite a los visitantes utilizar, visualizar e imprimir los contenidos incluidos en este sitio web exclusivamente para su uso personal, privado y no lucrativo.<\/p>\n<p>Se proh\u00edbe terminantemente la reproducci\u00f3n total o parcial de los contenidos de este sitio web, a excepci\u00f3n de poseer previamente, por escrito, autorizaci\u00f3n y consentimiento expreso del titular de la misma e incluyendo referencia expl\u00edcita a la titularidad de los derechos de propiedad intelectual y\/o industrial.<\/p>\n<p>El uso de los contenidos para fines distintos de los aqu\u00ed permitidos es una violaci\u00f3n de los derechos de autor, delito por el cual se llevar\u00edan a cabo todas las acciones legales y\/o penales oportunos.<\/p>\n<p><strong>4.- RESPONSABILIDAD<\/strong><\/p>\n<p>El usuario se compromete a hacer un uso correcto de este sitio web, de sus contenidos y dem\u00e1s servicios accesibles desde el mismo y ser\u00e1 el \u00fanico responsable en caso de incumplir las presentes condiciones.<\/p>\n<p>El titular declina cualquier responsabilidad por los eventuales da\u00f1os y perjuicios que puedan ocasionarse por:\u00a0 mal uso y abuso de sus contenidos.<\/p>\n<p>El titular declina cualquier responsabilidad por los servicios y\/o informaci\u00f3n que se presten en sitios web enlazados.<\/p>\n<p>El titular no asumir\u00e1 responsabilidad alguna por el uso de terceros de los contenidos de este sitio web.<\/p>\n<p>El titular no puede garantizar la exactitud de la informaci\u00f3n proporcionada en este sitio web, aunque, salvo errores tipogr\u00e1ficos o de otra naturaleza, el titular se compromete a publicar la informaci\u00f3n de la manera m\u00e1s veraz posible. En caso de detectar alg\u00fan error en los contenidos comun\u00edquelo y se subsanar\u00e1 a la mayor brevedad posible.<\/p>\n<p><strong>5.- PRIVACIDAD Y PROTECCI\u00d3N DE DATOS<\/strong><\/p>\n<p>Nos preocupamos por su privacidad y la protecci\u00f3n rigurosa de sus datos personales. A continuaci\u00f3n, puede informarse acerca de c\u00f3mo protegemos sus datos.<\/p>\n<p>Este sitio web incluye un email de contacto, al escribirnos el usuario nos proporcionar\u00e1 su direcci\u00f3n de correo electr\u00f3nico o tel\u00e9fono, utilizaremos esta informaci\u00f3n con el \u00fanico prop\u00f3sito de poder responder adecuadamente a las peticiones de informaci\u00f3n por parte del usuario.<\/p>\n<p>En caso de no solicitar el usuario ning\u00fan servicio, sus datos y mensajes podr\u00e1n ser eliminados una vez finalizadas las comunicaciones con el mismo.<\/p>\n<p>En caso de solicitar alguno de los servicios, los datos de car\u00e1cter personal recogidos ser\u00e1n objeto de tratamiento automatizado y se incorporar\u00e1n a un fichero privado y codificado con las condiciones establecidas en la pol\u00edtica de privacidad que en su caso puede ser personalizada y cuyo responsable es el titular de este sitio web.<\/p>\n<p>Estos ficheros cumplir\u00e1n y exceder\u00e1n los par\u00e1metros exigidos en la Agencia de Protecci\u00f3n de Datos. Se adoptar\u00e1n las medidas necesarias para evitar su alteraci\u00f3n, p\u00e9rdida, tratamiento o acceso no autorizados.<\/p>\n<p>En todo caso, el usuario tendr\u00e1 derecho a solicitar y obtener informaci\u00f3n acerca de sus datos de car\u00e1cter personal y ejercer sus derechos de acceso, rectificaci\u00f3n, portabilidad, cancelaci\u00f3n y limitaci\u00f3n u oposici\u00f3n al tratamiento, dirigi\u00e9ndose por escrito al titular de este sitio web o por una comunicaci\u00f3n que acredite su identidad sin lugar a dudas.<\/p>\n<p>En todo momento el usuario podr\u00e1 ejercer su derecho a interrumpir o cancelar las comunicaciones, expresando su voluntad, utilizando para ello la misma v\u00eda de comunicaci\u00f3n utilizada para establecer contacto.<\/p>\n<p>Si usted es menor de 16 a\u00f1os, requeriremos el consentimiento de sus padres o tutores para el tratamiento de sus datos personales, debe obtenerlo antes de remitirnos comunicaci\u00f3n alguna.<\/p>\n<p>El usuario debe obrar correctamente, respondiendo de los da\u00f1os y perjuicios que se puedan ocasionar en caso de proporcionar informaci\u00f3n personal falsa o datos incorrectos.<\/p>\n<p>El titular y el usuario se comprometen a cumplir con la obligaci\u00f3n del secreto de las comunicaciones mantenidas seg\u00fan la legislaci\u00f3n vigente.<\/p>\n<p>El titular no encargar\u00e1 la gesti\u00f3n de datos a terceros. Los datos proporcionados por el usuario jam\u00e1s ser\u00e1n cedidos, vendidos ni transmitidos a terceros ajenos a la actividad de la empresa, salvo por obligaci\u00f3n legal. \u00danicamente se utilizar\u00e1n para su propio fin, las comunicaciones con el usuario, el cual puede solicitar no recibir ning\u00fan tipo de comunicaci\u00f3n v\u00eda email y utilizar solamente la comunicaci\u00f3n telef\u00f3nica para contactar con CALDERES OSONA.<\/p>\n<p><strong>6.- COOKIES<\/strong><\/p>\n<p>Se informa al usuario que cuando navega por las diferentes p\u00e1ginas de este sitio web se utilizan cookies, que tienen como objeto ofrecer un servicio personalizado, adem\u00e1s de facilitar informaci\u00f3n sobre la fecha u hora de la visita, medir algunos par\u00e1metros del tr\u00e1fico dentro del propio sitio web y estimar el n\u00famero de visitas recibidas. Se informa al usuario que puede desactivar el uso de cookies desde su navegador. Para m\u00e1s informaci\u00f3n consulte nuestra \u201c<u>POLITICA DE COOKIES<\/u>\u201d.<\/p>\n<p><strong>7.- MODIFICACIONES Y VIGENCIA<\/strong><\/p>\n<p>El titular se reserva el derecho de efectuar cualquier cambio o modificaci\u00f3n, tanto en las presentes condiciones como en el contenido de este sitio web, sin previo aviso y conforme a lo estipulado.<\/p>\n<p>Las presentes condiciones permanecer\u00e1n vigentes desde su publicaci\u00f3n hasta la publicaci\u00f3n de una revisi\u00f3n de las mismas.<\/p>\n<p>Fecha de la \u00faltima revisi\u00f3n: 8 de Noviembre de 2019<\/p>\n<p>Para cualquier pregunta o aclaraci\u00f3n no dude en contactarnos.<\/p>\n<p>\u00a9 2019 TODOS LOS DERECHOS RESERVADOS.<\/p>\n","protected":false},"excerpt":{"rendered":"<p>Aviso Legal y Pol\u00edtica de Privacidad En cumplimiento de la L.S.S.I. (Ley de Servicios de la Sociedad de la Informaci\u00f3n), la L.O.P.D. (Ley Org\u00e1nica de Protecci\u00f3n de Datos) y el R.G.P.D. (Reglamento General de Protecci\u00f3n de Datos) se informa: TITULARIDAD, CONDICIONES GENERALES DE USO Y POL\u00cdTICA DE PROTECCI\u00d3N DE DATOS: 1.- TITULARIDAD Este sitio web, &#8230; <a title=\"Aviso Legal i Pol\u00edtica de Privacidad\" class=\"read-more\" href=\"https:\/\/calderesosona.cat\/es\/legal\/\" aria-label=\"M\u00e1s en Aviso Legal i Pol\u00edtica de Privacidad\">Leer m\u00e1s<\/a><\/p>\n","protected":false},"author":2,"featured_media":0,"parent":0,"menu_order":0,"comment_status":"closed","ping_status":"closed","template":"","meta":{"footnotes":"","_joinchat":[]},"_links":{"self":[{"href":"https:\/\/calderesosona.cat\/es\/wp-json\/wp\/v2\/pages\/1362"}],"collection":[{"href":"https:\/\/calderesosona.cat\/es\/wp-json\/wp\/v2\/pages"}],"about":[{"href":"https:\/\/calderesosona.cat\/es\/wp-json\/wp\/v2\/types\/page"}],"author":[{"embeddable":true,"href":"https:\/\/calderesosona.cat\/es\/wp-json\/wp\/v2\/users\/2"}],"replies":[{"embeddable":true,"href":"https:\/\/calderesosona.cat\/es\/wp-json\/wp\/v2\/comments?post=1362"}],"version-history":[{"count":5,"href":"https:\/\/calderesosona.cat\/es\/wp-json\/wp\/v2\/pages\/1362\/revisions"}],"predecessor-version":[{"id":1693,"href":"https:\/\/calderesosona.cat\/es\/wp-json\/wp\/v2\/pages\/1362\/revisions\/1693"}],"wp:attachment":[{"href":"https:\/\/calderesosona.cat\/es\/wp-json\/wp\/v2\/media?parent=1362"}],"curies":[{"name":"wp","href":"https:\/\/api.w.org\/{rel}","templated":true}]}}